{"id":1201,"date":"2025-06-23T11:59:15","date_gmt":"2025-06-23T11:59:15","guid":{"rendered":"https:\/\/nueva.imerchan.es\/?page_id=1201"},"modified":"2025-07-01T09:22:26","modified_gmt":"2025-07-01T09:22:26","slug":"galeria-tecnologia","status":"publish","type":"page","link":"https:\/\/nueva.imerchan.es\/?page_id=1201","title":{"rendered":"GALER\u00cdA TECNOLOG\u00cdA"},"content":{"rendered":"\t\t<div data-elementor-type=\"wp-page\" data-elementor-id=\"1201\" class=\"elementor elementor-1201\" data-elementor-post-type=\"page\">\n\t\t\t\t<div class=\"elementor-element elementor-element-e8c2356 e-flex e-con-boxed e-con e-parent\" data-id=\"e8c2356\" data-element_type=\"container\">\n\t\t\t\t\t<div class=\"e-con-inner\">\n\t\t<div class=\"elementor-element elementor-element-fab63fa e-con-full e-flex e-con e-child\" data-id=\"fab63fa\" data-element_type=\"container\">\n\t\t\t\t<div class=\"elementor-element elementor-element-d4defc7 elementor-widget elementor-widget-text-editor\" data-id=\"d4defc7\" data-element_type=\"widget\" data-widget_type=\"text-editor.default\">\n\t\t\t\t<div class=\"elementor-widget-container\">\n\t\t\t\t\t\t\t\t\t<p><strong>PROGRESO Y VANGUARDIA QUE FACILITAN EL D\u00cdA A D\u00cdA<\/strong><\/p>\t\t\t\t\t\t\t\t<\/div>\n\t\t\t\t<\/div>\n\t\t\t\t<div class=\"elementor-element elementor-element-4be6c71 elementor-widget elementor-widget-gallery\" data-id=\"4be6c71\" data-element_type=\"widget\" data-settings=\"{&quot;columns&quot;:5,&quot;lazyload&quot;:&quot;yes&quot;,&quot;gallery_layout&quot;:&quot;grid&quot;,&quot;columns_tablet&quot;:2,&quot;columns_mobile&quot;:1,&quot;gap&quot;:{&quot;unit&quot;:&quot;px&quot;,&quot;size&quot;:10,&quot;sizes&quot;:[]},&quot;gap_tablet&quot;:{&quot;unit&quot;:&quot;px&quot;,&quot;size&quot;:10,&quot;sizes&quot;:[]},&quot;gap_mobile&quot;:{&quot;unit&quot;:&quot;px&quot;,&quot;size&quot;:10,&quot;sizes&quot;:[]},&quot;link_to&quot;:&quot;file&quot;,&quot;aspect_ratio&quot;:&quot;3:2&quot;,&quot;overlay_background&quot;:&quot;yes&quot;,&quot;content_hover_animation&quot;:&quot;fade-in&quot;}\" data-widget_type=\"gallery.default\">\n\t\t\t\t<div class=\"elementor-widget-container\">\n\t\t\t\t\t\t\t<div class=\"elementor-gallery__container\">\n\t\t\t\t\t\t\t<a class=\"e-gallery-item elementor-gallery-item elementor-animated-content\" href=\"https:\/\/nueva.imerchan.es\/wp-content\/uploads\/2025\/06\/53-1.jpg\" data-elementor-open-lightbox=\"yes\" data-elementor-lightbox-slideshow=\"4be6c71\" data-elementor-lightbox-title=\"53\" data-e-action-hash=\"#elementor-action%3Aaction%3Dlightbox%26settings%3DeyJpZCI6MTIxNiwidXJsIjoiaHR0cHM6XC9cL251ZXZhLmltZXJjaGFuLmVzXC93cC1jb250ZW50XC91cGxvYWRzXC8yMDI1XC8wNlwvNTMtMS5qcGciLCJzbGlkZXNob3ciOiI0YmU2YzcxIn0%3D\">\n\t\t\t\t\t<div class=\"e-gallery-image elementor-gallery-item__image\" data-thumbnail=\"https:\/\/nueva.imerchan.es\/wp-content\/uploads\/2025\/06\/53-1-280x300.jpg\" data-width=\"280\" data-height=\"300\" aria-label=\"\" role=\"img\" ><\/div>\n\t\t\t\t\t\t\t\t\t\t\t<div class=\"elementor-gallery-item__overlay\"><\/div>\n\t\t\t\t\t\t\t\t\t\t\t\t\t\t<\/a>\n\t\t\t\t\t\t\t<a class=\"e-gallery-item elementor-gallery-item elementor-animated-content\" href=\"https:\/\/nueva.imerchan.es\/wp-content\/uploads\/2025\/06\/67-1.jpg\" data-elementor-open-lightbox=\"yes\" data-elementor-lightbox-slideshow=\"4be6c71\" data-elementor-lightbox-title=\"67\" data-e-action-hash=\"#elementor-action%3Aaction%3Dlightbox%26settings%3DeyJpZCI6MTIxNywidXJsIjoiaHR0cHM6XC9cL251ZXZhLmltZXJjaGFuLmVzXC93cC1jb250ZW50XC91cGxvYWRzXC8yMDI1XC8wNlwvNjctMS5qcGciLCJzbGlkZXNob3ciOiI0YmU2YzcxIn0%3D\">\n\t\t\t\t\t<div class=\"e-gallery-image elementor-gallery-item__image\" data-thumbnail=\"https:\/\/nueva.imerchan.es\/wp-content\/uploads\/2025\/06\/67-1-280x300.jpg\" data-width=\"280\" data-height=\"300\" aria-label=\"\" role=\"img\" ><\/div>\n\t\t\t\t\t\t\t\t\t\t\t<div class=\"elementor-gallery-item__overlay\"><\/div>\n\t\t\t\t\t\t\t\t\t\t\t\t\t\t<\/a>\n\t\t\t\t\t\t\t<a class=\"e-gallery-item elementor-gallery-item elementor-animated-content\" href=\"https:\/\/nueva.imerchan.es\/wp-content\/uploads\/2025\/06\/22-1.jpg\" data-elementor-open-lightbox=\"yes\" data-elementor-lightbox-slideshow=\"4be6c71\" data-elementor-lightbox-title=\"22\" data-e-action-hash=\"#elementor-action%3Aaction%3Dlightbox%26settings%3DeyJpZCI6MTIxNCwidXJsIjoiaHR0cHM6XC9cL251ZXZhLmltZXJjaGFuLmVzXC93cC1jb250ZW50XC91cGxvYWRzXC8yMDI1XC8wNlwvMjItMS5qcGciLCJzbGlkZXNob3ciOiI0YmU2YzcxIn0%3D\">\n\t\t\t\t\t<div class=\"e-gallery-image elementor-gallery-item__image\" data-thumbnail=\"https:\/\/nueva.imerchan.es\/wp-content\/uploads\/2025\/06\/22-1-280x300.jpg\" data-width=\"280\" data-height=\"300\" aria-label=\"\" role=\"img\" ><\/div>\n\t\t\t\t\t\t\t\t\t\t\t<div class=\"elementor-gallery-item__overlay\"><\/div>\n\t\t\t\t\t\t\t\t\t\t\t\t\t\t<\/a>\n\t\t\t\t\t\t\t<a class=\"e-gallery-item elementor-gallery-item elementor-animated-content\" href=\"https:\/\/nueva.imerchan.es\/wp-content\/uploads\/2025\/06\/18-1.jpg\" data-elementor-open-lightbox=\"yes\" data-elementor-lightbox-slideshow=\"4be6c71\" data-elementor-lightbox-title=\"18\" data-e-action-hash=\"#elementor-action%3Aaction%3Dlightbox%26settings%3DeyJpZCI6MTIxMCwidXJsIjoiaHR0cHM6XC9cL251ZXZhLmltZXJjaGFuLmVzXC93cC1jb250ZW50XC91cGxvYWRzXC8yMDI1XC8wNlwvMTgtMS5qcGciLCJzbGlkZXNob3ciOiI0YmU2YzcxIn0%3D\">\n\t\t\t\t\t<div class=\"e-gallery-image elementor-gallery-item__image\" data-thumbnail=\"https:\/\/nueva.imerchan.es\/wp-content\/uploads\/2025\/06\/18-1-280x300.jpg\" data-width=\"280\" data-height=\"300\" aria-label=\"\" role=\"img\" ><\/div>\n\t\t\t\t\t\t\t\t\t\t\t<div class=\"elementor-gallery-item__overlay\"><\/div>\n\t\t\t\t\t\t\t\t\t\t\t\t\t\t<\/a>\n\t\t\t\t\t\t\t<a class=\"e-gallery-item elementor-gallery-item elementor-animated-content\" href=\"https:\/\/nueva.imerchan.es\/wp-content\/uploads\/2025\/06\/15-1.jpg\" data-elementor-open-lightbox=\"yes\" data-elementor-lightbox-slideshow=\"4be6c71\" data-elementor-lightbox-title=\"15\" data-e-action-hash=\"#elementor-action%3Aaction%3Dlightbox%26settings%3DeyJpZCI6MTIwNywidXJsIjoiaHR0cHM6XC9cL251ZXZhLmltZXJjaGFuLmVzXC93cC1jb250ZW50XC91cGxvYWRzXC8yMDI1XC8wNlwvMTUtMS5qcGciLCJzbGlkZXNob3ciOiI0YmU2YzcxIn0%3D\">\n\t\t\t\t\t<div class=\"e-gallery-image elementor-gallery-item__image\" data-thumbnail=\"https:\/\/nueva.imerchan.es\/wp-content\/uploads\/2025\/06\/15-1-280x300.jpg\" data-width=\"280\" data-height=\"300\" aria-label=\"\" role=\"img\" ><\/div>\n\t\t\t\t\t\t\t\t\t\t\t<div class=\"elementor-gallery-item__overlay\"><\/div>\n\t\t\t\t\t\t\t\t\t\t\t\t\t\t<\/a>\n\t\t\t\t\t\t\t<a class=\"e-gallery-item elementor-gallery-item elementor-animated-content\" href=\"https:\/\/nueva.imerchan.es\/wp-content\/uploads\/2025\/06\/21-1.jpg\" data-elementor-open-lightbox=\"yes\" data-elementor-lightbox-slideshow=\"4be6c71\" data-elementor-lightbox-title=\"21\" data-e-action-hash=\"#elementor-action%3Aaction%3Dlightbox%26settings%3DeyJpZCI6MTIxMywidXJsIjoiaHR0cHM6XC9cL251ZXZhLmltZXJjaGFuLmVzXC93cC1jb250ZW50XC91cGxvYWRzXC8yMDI1XC8wNlwvMjEtMS5qcGciLCJzbGlkZXNob3ciOiI0YmU2YzcxIn0%3D\">\n\t\t\t\t\t<div class=\"e-gallery-image elementor-gallery-item__image\" data-thumbnail=\"https:\/\/nueva.imerchan.es\/wp-content\/uploads\/2025\/06\/21-1-280x300.jpg\" data-width=\"280\" data-height=\"300\" aria-label=\"\" role=\"img\" ><\/div>\n\t\t\t\t\t\t\t\t\t\t\t<div class=\"elementor-gallery-item__overlay\"><\/div>\n\t\t\t\t\t\t\t\t\t\t\t\t\t\t<\/a>\n\t\t\t\t\t\t\t<a class=\"e-gallery-item elementor-gallery-item elementor-animated-content\" href=\"https:\/\/nueva.imerchan.es\/wp-content\/uploads\/2025\/06\/40.jpg\" data-elementor-open-lightbox=\"yes\" data-elementor-lightbox-slideshow=\"4be6c71\" data-elementor-lightbox-title=\"40\" data-e-action-hash=\"#elementor-action%3Aaction%3Dlightbox%26settings%3DeyJpZCI6NzY1LCJ1cmwiOiJodHRwczpcL1wvbnVldmEuaW1lcmNoYW4uZXNcL3dwLWNvbnRlbnRcL3VwbG9hZHNcLzIwMjVcLzA2XC80MC5qcGciLCJzbGlkZXNob3ciOiI0YmU2YzcxIn0%3D\">\n\t\t\t\t\t<div class=\"e-gallery-image elementor-gallery-item__image\" data-thumbnail=\"https:\/\/nueva.imerchan.es\/wp-content\/uploads\/2025\/06\/40-280x300.jpg\" data-width=\"280\" data-height=\"300\" aria-label=\"\" role=\"img\" ><\/div>\n\t\t\t\t\t\t\t\t\t\t\t<div class=\"elementor-gallery-item__overlay\"><\/div>\n\t\t\t\t\t\t\t\t\t\t\t\t\t\t<\/a>\n\t\t\t\t\t\t\t<a class=\"e-gallery-item elementor-gallery-item elementor-animated-content\" href=\"https:\/\/nueva.imerchan.es\/wp-content\/uploads\/2025\/06\/20-1.jpg\" data-elementor-open-lightbox=\"yes\" data-elementor-lightbox-slideshow=\"4be6c71\" data-elementor-lightbox-title=\"20\" data-e-action-hash=\"#elementor-action%3Aaction%3Dlightbox%26settings%3DeyJpZCI6MTIxMiwidXJsIjoiaHR0cHM6XC9cL251ZXZhLmltZXJjaGFuLmVzXC93cC1jb250ZW50XC91cGxvYWRzXC8yMDI1XC8wNlwvMjAtMS5qcGciLCJzbGlkZXNob3ciOiI0YmU2YzcxIn0%3D\">\n\t\t\t\t\t<div class=\"e-gallery-image elementor-gallery-item__image\" data-thumbnail=\"https:\/\/nueva.imerchan.es\/wp-content\/uploads\/2025\/06\/20-1-280x300.jpg\" data-width=\"280\" data-height=\"300\" aria-label=\"\" role=\"img\" ><\/div>\n\t\t\t\t\t\t\t\t\t\t\t<div class=\"elementor-gallery-item__overlay\"><\/div>\n\t\t\t\t\t\t\t\t\t\t\t\t\t\t<\/a>\n\t\t\t\t\t\t\t<a class=\"e-gallery-item elementor-gallery-item elementor-animated-content\" href=\"https:\/\/nueva.imerchan.es\/wp-content\/uploads\/2025\/06\/19-1.jpg\" data-elementor-open-lightbox=\"yes\" data-elementor-lightbox-slideshow=\"4be6c71\" data-elementor-lightbox-title=\"19\" data-e-action-hash=\"#elementor-action%3Aaction%3Dlightbox%26settings%3DeyJpZCI6MTIxMSwidXJsIjoiaHR0cHM6XC9cL251ZXZhLmltZXJjaGFuLmVzXC93cC1jb250ZW50XC91cGxvYWRzXC8yMDI1XC8wNlwvMTktMS5qcGciLCJzbGlkZXNob3ciOiI0YmU2YzcxIn0%3D\">\n\t\t\t\t\t<div class=\"e-gallery-image elementor-gallery-item__image\" data-thumbnail=\"https:\/\/nueva.imerchan.es\/wp-content\/uploads\/2025\/06\/19-1-280x300.jpg\" data-width=\"280\" data-height=\"300\" aria-label=\"\" role=\"img\" ><\/div>\n\t\t\t\t\t\t\t\t\t\t\t<div class=\"elementor-gallery-item__overlay\"><\/div>\n\t\t\t\t\t\t\t\t\t\t\t\t\t\t<\/a>\n\t\t\t\t\t\t\t<a class=\"e-gallery-item elementor-gallery-item elementor-animated-content\" href=\"https:\/\/nueva.imerchan.es\/wp-content\/uploads\/2025\/06\/17-1.jpg\" data-elementor-open-lightbox=\"yes\" data-elementor-lightbox-slideshow=\"4be6c71\" data-elementor-lightbox-title=\"17\" data-e-action-hash=\"#elementor-action%3Aaction%3Dlightbox%26settings%3DeyJpZCI6MTIwOSwidXJsIjoiaHR0cHM6XC9cL251ZXZhLmltZXJjaGFuLmVzXC93cC1jb250ZW50XC91cGxvYWRzXC8yMDI1XC8wNlwvMTctMS5qcGciLCJzbGlkZXNob3ciOiI0YmU2YzcxIn0%3D\">\n\t\t\t\t\t<div class=\"e-gallery-image elementor-gallery-item__image\" data-thumbnail=\"https:\/\/nueva.imerchan.es\/wp-content\/uploads\/2025\/06\/17-1-280x300.jpg\" data-width=\"280\" data-height=\"300\" aria-label=\"\" role=\"img\" ><\/div>\n\t\t\t\t\t\t\t\t\t\t\t<div class=\"elementor-gallery-item__overlay\"><\/div>\n\t\t\t\t\t\t\t\t\t\t\t\t\t\t<\/a>\n\t\t\t\t\t\t\t<a class=\"e-gallery-item elementor-gallery-item elementor-animated-content\" href=\"https:\/\/nueva.imerchan.es\/wp-content\/uploads\/2025\/06\/16-1.jpg\" data-elementor-open-lightbox=\"yes\" data-elementor-lightbox-slideshow=\"4be6c71\" data-elementor-lightbox-title=\"16\" data-e-action-hash=\"#elementor-action%3Aaction%3Dlightbox%26settings%3DeyJpZCI6MTIwOCwidXJsIjoiaHR0cHM6XC9cL251ZXZhLmltZXJjaGFuLmVzXC93cC1jb250ZW50XC91cGxvYWRzXC8yMDI1XC8wNlwvMTYtMS5qcGciLCJzbGlkZXNob3ciOiI0YmU2YzcxIn0%3D\">\n\t\t\t\t\t<div class=\"e-gallery-image elementor-gallery-item__image\" data-thumbnail=\"https:\/\/nueva.imerchan.es\/wp-content\/uploads\/2025\/06\/16-1-280x300.jpg\" data-width=\"280\" data-height=\"300\" aria-label=\"\" role=\"img\" ><\/div>\n\t\t\t\t\t\t\t\t\t\t\t<div class=\"elementor-gallery-item__overlay\"><\/div>\n\t\t\t\t\t\t\t\t\t\t\t\t\t\t<\/a>\n\t\t\t\t\t\t\t<a class=\"e-gallery-item elementor-gallery-item elementor-animated-content\" href=\"https:\/\/nueva.imerchan.es\/wp-content\/uploads\/2025\/06\/14-1.jpg\" data-elementor-open-lightbox=\"yes\" data-elementor-lightbox-slideshow=\"4be6c71\" data-elementor-lightbox-title=\"14\" data-e-action-hash=\"#elementor-action%3Aaction%3Dlightbox%26settings%3DeyJpZCI6MTIwNiwidXJsIjoiaHR0cHM6XC9cL251ZXZhLmltZXJjaGFuLmVzXC93cC1jb250ZW50XC91cGxvYWRzXC8yMDI1XC8wNlwvMTQtMS5qcGciLCJzbGlkZXNob3ciOiI0YmU2YzcxIn0%3D\">\n\t\t\t\t\t<div class=\"e-gallery-image elementor-gallery-item__image\" data-thumbnail=\"https:\/\/nueva.imerchan.es\/wp-content\/uploads\/2025\/06\/14-1-280x300.jpg\" data-width=\"280\" data-height=\"300\" aria-label=\"\" role=\"img\" ><\/div>\n\t\t\t\t\t\t\t\t\t\t\t<div class=\"elementor-gallery-item__overlay\"><\/div>\n\t\t\t\t\t\t\t\t\t\t\t\t\t\t<\/a>\n\t\t\t\t\t\t\t<a class=\"e-gallery-item elementor-gallery-item elementor-animated-content\" href=\"https:\/\/nueva.imerchan.es\/wp-content\/uploads\/2025\/06\/13-1.jpg\" data-elementor-open-lightbox=\"yes\" data-elementor-lightbox-slideshow=\"4be6c71\" data-elementor-lightbox-title=\"13\" data-e-action-hash=\"#elementor-action%3Aaction%3Dlightbox%26settings%3DeyJpZCI6MTIwNSwidXJsIjoiaHR0cHM6XC9cL251ZXZhLmltZXJjaGFuLmVzXC93cC1jb250ZW50XC91cGxvYWRzXC8yMDI1XC8wNlwvMTMtMS5qcGciLCJzbGlkZXNob3ciOiI0YmU2YzcxIn0%3D\">\n\t\t\t\t\t<div class=\"e-gallery-image elementor-gallery-item__image\" data-thumbnail=\"https:\/\/nueva.imerchan.es\/wp-content\/uploads\/2025\/06\/13-1-280x300.jpg\" data-width=\"280\" data-height=\"300\" aria-label=\"\" role=\"img\" ><\/div>\n\t\t\t\t\t\t\t\t\t\t\t<div class=\"elementor-gallery-item__overlay\"><\/div>\n\t\t\t\t\t\t\t\t\t\t\t\t\t\t<\/a>\n\t\t\t\t\t\t\t<a class=\"e-gallery-item elementor-gallery-item elementor-animated-content\" href=\"https:\/\/nueva.imerchan.es\/wp-content\/uploads\/2025\/06\/12-1.jpg\" data-elementor-open-lightbox=\"yes\" data-elementor-lightbox-slideshow=\"4be6c71\" data-elementor-lightbox-title=\"12\" data-e-action-hash=\"#elementor-action%3Aaction%3Dlightbox%26settings%3DeyJpZCI6MTIwNCwidXJsIjoiaHR0cHM6XC9cL251ZXZhLmltZXJjaGFuLmVzXC93cC1jb250ZW50XC91cGxvYWRzXC8yMDI1XC8wNlwvMTItMS5qcGciLCJzbGlkZXNob3ciOiI0YmU2YzcxIn0%3D\">\n\t\t\t\t\t<div class=\"e-gallery-image elementor-gallery-item__image\" data-thumbnail=\"https:\/\/nueva.imerchan.es\/wp-content\/uploads\/2025\/06\/12-1-280x300.jpg\" data-width=\"280\" data-height=\"300\" aria-label=\"\" role=\"img\" ><\/div>\n\t\t\t\t\t\t\t\t\t\t\t<div class=\"elementor-gallery-item__overlay\"><\/div>\n\t\t\t\t\t\t\t\t\t\t\t\t\t\t<\/a>\n\t\t\t\t\t\t\t<a class=\"e-gallery-item elementor-gallery-item elementor-animated-content\" href=\"https:\/\/nueva.imerchan.es\/wp-content\/uploads\/2025\/06\/10-1.jpg\" data-elementor-open-lightbox=\"yes\" data-elementor-lightbox-slideshow=\"4be6c71\" data-elementor-lightbox-title=\"10\" data-e-action-hash=\"#elementor-action%3Aaction%3Dlightbox%26settings%3DeyJpZCI6MTIwMywidXJsIjoiaHR0cHM6XC9cL251ZXZhLmltZXJjaGFuLmVzXC93cC1jb250ZW50XC91cGxvYWRzXC8yMDI1XC8wNlwvMTAtMS5qcGciLCJzbGlkZXNob3ciOiI0YmU2YzcxIn0%3D\">\n\t\t\t\t\t<div class=\"e-gallery-image elementor-gallery-item__image\" data-thumbnail=\"https:\/\/nueva.imerchan.es\/wp-content\/uploads\/2025\/06\/10-1-280x300.jpg\" data-width=\"280\" data-height=\"300\" aria-label=\"\" role=\"img\" ><\/div>\n\t\t\t\t\t\t\t\t\t\t\t<div class=\"elementor-gallery-item__overlay\"><\/div>\n\t\t\t\t\t\t\t\t\t\t\t\t\t\t<\/a>\n\t\t\t\t\t\t\t<a class=\"e-gallery-item elementor-gallery-item elementor-animated-content\" href=\"https:\/\/nueva.imerchan.es\/wp-content\/uploads\/2025\/06\/39.jpg\" data-elementor-open-lightbox=\"yes\" data-elementor-lightbox-slideshow=\"4be6c71\" data-elementor-lightbox-title=\"39\" data-e-action-hash=\"#elementor-action%3Aaction%3Dlightbox%26settings%3DeyJpZCI6NzY0LCJ1cmwiOiJodHRwczpcL1wvbnVldmEuaW1lcmNoYW4uZXNcL3dwLWNvbnRlbnRcL3VwbG9hZHNcLzIwMjVcLzA2XC8zOS5qcGciLCJzbGlkZXNob3ciOiI0YmU2YzcxIn0%3D\">\n\t\t\t\t\t<div class=\"e-gallery-image elementor-gallery-item__image\" data-thumbnail=\"https:\/\/nueva.imerchan.es\/wp-content\/uploads\/2025\/06\/39-280x300.jpg\" data-width=\"280\" data-height=\"300\" aria-label=\"\" role=\"img\" ><\/div>\n\t\t\t\t\t\t\t\t\t\t\t<div class=\"elementor-gallery-item__overlay\"><\/div>\n\t\t\t\t\t\t\t\t\t\t\t\t\t\t<\/a>\n\t\t\t\t\t\t\t<a class=\"e-gallery-item elementor-gallery-item elementor-animated-content\" href=\"https:\/\/nueva.imerchan.es\/wp-content\/uploads\/2025\/06\/37.jpg\" data-elementor-open-lightbox=\"yes\" data-elementor-lightbox-slideshow=\"4be6c71\" data-elementor-lightbox-title=\"37\" data-e-action-hash=\"#elementor-action%3Aaction%3Dlightbox%26settings%3DeyJpZCI6NzYyLCJ1cmwiOiJodHRwczpcL1wvbnVldmEuaW1lcmNoYW4uZXNcL3dwLWNvbnRlbnRcL3VwbG9hZHNcLzIwMjVcLzA2XC8zNy5qcGciLCJzbGlkZXNob3ciOiI0YmU2YzcxIn0%3D\">\n\t\t\t\t\t<div class=\"e-gallery-image elementor-gallery-item__image\" data-thumbnail=\"https:\/\/nueva.imerchan.es\/wp-content\/uploads\/2025\/06\/37-280x300.jpg\" data-width=\"280\" data-height=\"300\" aria-label=\"\" role=\"img\" ><\/div>\n\t\t\t\t\t\t\t\t\t\t\t<div class=\"elementor-gallery-item__overlay\"><\/div>\n\t\t\t\t\t\t\t\t\t\t\t\t\t\t<\/a>\n\t\t\t\t\t\t\t<a class=\"e-gallery-item elementor-gallery-item elementor-animated-content\" href=\"https:\/\/nueva.imerchan.es\/wp-content\/uploads\/2025\/06\/19.jpg\" data-elementor-open-lightbox=\"yes\" data-elementor-lightbox-slideshow=\"4be6c71\" data-elementor-lightbox-title=\"19\" data-e-action-hash=\"#elementor-action%3Aaction%3Dlightbox%26settings%3DeyJpZCI6NzQ0LCJ1cmwiOiJodHRwczpcL1wvbnVldmEuaW1lcmNoYW4uZXNcL3dwLWNvbnRlbnRcL3VwbG9hZHNcLzIwMjVcLzA2XC8xOS5qcGciLCJzbGlkZXNob3ciOiI0YmU2YzcxIn0%3D\">\n\t\t\t\t\t<div class=\"e-gallery-image elementor-gallery-item__image\" data-thumbnail=\"https:\/\/nueva.imerchan.es\/wp-content\/uploads\/2025\/06\/19-280x300.jpg\" data-width=\"280\" data-height=\"300\" aria-label=\"\" role=\"img\" ><\/div>\n\t\t\t\t\t\t\t\t\t\t\t<div class=\"elementor-gallery-item__overlay\"><\/div>\n\t\t\t\t\t\t\t\t\t\t\t\t\t\t<\/a>\n\t\t\t\t\t\t\t<a class=\"e-gallery-item elementor-gallery-item elementor-animated-content\" href=\"https:\/\/nueva.imerchan.es\/wp-content\/uploads\/2025\/06\/11.jpg\" data-elementor-open-lightbox=\"yes\" data-elementor-lightbox-slideshow=\"4be6c71\" data-elementor-lightbox-title=\"11\" data-e-action-hash=\"#elementor-action%3Aaction%3Dlightbox%26settings%3DeyJpZCI6NzM2LCJ1cmwiOiJodHRwczpcL1wvbnVldmEuaW1lcmNoYW4uZXNcL3dwLWNvbnRlbnRcL3VwbG9hZHNcLzIwMjVcLzA2XC8xMS5qcGciLCJzbGlkZXNob3ciOiI0YmU2YzcxIn0%3D\">\n\t\t\t\t\t<div class=\"e-gallery-image elementor-gallery-item__image\" data-thumbnail=\"https:\/\/nueva.imerchan.es\/wp-content\/uploads\/2025\/06\/11-280x300.jpg\" data-width=\"280\" data-height=\"300\" aria-label=\"\" role=\"img\" ><\/div>\n\t\t\t\t\t\t\t\t\t\t\t<div class=\"elementor-gallery-item__overlay\"><\/div>\n\t\t\t\t\t\t\t\t\t\t\t\t\t\t<\/a>\n\t\t\t\t\t<\/div>\n\t\t\t\t\t<\/div>\n\t\t\t\t<\/div>\n\t\t\t\t<\/div>\n\t\t\t\t\t<\/div>\n\t\t\t\t<\/div>\n\t\t\t\t<\/div>\n\t\t","protected":false},"excerpt":{"rendered":"<p>PROGRESO Y VANGUARDIA QUE FACILITAN EL D\u00cdA A D\u00cdA<\/p>\n","protected":false},"author":1,"featured_media":0,"parent":0,"menu_order":0,"comment_status":"closed","ping_status":"closed","template":"100-width.php","meta":{"footnotes":""},"class_list":["post-1201","page","type-page","status-publish","hentry"],"yoast_head":"<!-- This site is optimized with the Yoast SEO plugin v24.9 - https:\/\/yoast.com\/wordpress\/plugins\/seo\/ -->\n<title>GALER\u00cdA TECNOLOG\u00cdA - Imerchan<\/title>\n<meta name=\"robots\" content=\"index, follow, max-snippet:-1, max-image-preview:large, max-video-preview:-1\" \/>\n<link rel=\"canonical\" href=\"https:\/\/nueva.imerchan.es\/?page_id=1201\" \/>\n<meta property=\"og:locale\" content=\"es_ES\" \/>\n<meta property=\"og:type\" content=\"article\" \/>\n<meta property=\"og:title\" content=\"GALER\u00cdA TECNOLOG\u00cdA - Imerchan\" \/>\n<meta property=\"og:description\" content=\"PROGRESO Y VANGUARDIA QUE FACILITAN EL D\u00cdA A D\u00cdA\" \/>\n<meta property=\"og:url\" content=\"https:\/\/nueva.imerchan.es\/?page_id=1201\" \/>\n<meta property=\"og:site_name\" content=\"Imerchan\" \/>\n<meta property=\"article:modified_time\" content=\"2025-07-01T09:22:26+00:00\" \/>\n<meta name=\"twitter:card\" content=\"summary_large_image\" \/>\n<meta name=\"twitter:label1\" content=\"Tiempo de lectura\" \/>\n\t<meta name=\"twitter:data1\" content=\"1 minuto\" \/>\n<script type=\"application\/ld+json\" class=\"yoast-schema-graph\">{\"@context\":\"https:\/\/schema.org\",\"@graph\":[{\"@type\":\"WebPage\",\"@id\":\"https:\/\/nueva.imerchan.es\/?page_id=1201\",\"url\":\"https:\/\/nueva.imerchan.es\/?page_id=1201\",\"name\":\"GALER\u00cdA TECNOLOG\u00cdA - Imerchan\",\"isPartOf\":{\"@id\":\"https:\/\/nueva.imerchan.es\/#website\"},\"datePublished\":\"2025-06-23T11:59:15+00:00\",\"dateModified\":\"2025-07-01T09:22:26+00:00\",\"breadcrumb\":{\"@id\":\"https:\/\/nueva.imerchan.es\/?page_id=1201#breadcrumb\"},\"inLanguage\":\"es\",\"potentialAction\":[{\"@type\":\"ReadAction\",\"target\":[\"https:\/\/nueva.imerchan.es\/?page_id=1201\"]}]},{\"@type\":\"BreadcrumbList\",\"@id\":\"https:\/\/nueva.imerchan.es\/?page_id=1201#breadcrumb\",\"itemListElement\":[{\"@type\":\"ListItem\",\"position\":1,\"name\":\"Portada\",\"item\":\"https:\/\/nueva.imerchan.es\/\"},{\"@type\":\"ListItem\",\"position\":2,\"name\":\"GALER\u00cdA TECNOLOG\u00cdA\"}]},{\"@type\":\"WebSite\",\"@id\":\"https:\/\/nueva.imerchan.es\/#website\",\"url\":\"https:\/\/nueva.imerchan.es\/\",\"name\":\"Imerchan\",\"description\":\"Regalos corporativos y merchandising\",\"publisher\":{\"@id\":\"https:\/\/nueva.imerchan.es\/#organization\"},\"potentialAction\":[{\"@type\":\"SearchAction\",\"target\":{\"@type\":\"EntryPoint\",\"urlTemplate\":\"https:\/\/nueva.imerchan.es\/?s={search_term_string}\"},\"query-input\":{\"@type\":\"PropertyValueSpecification\",\"valueRequired\":true,\"valueName\":\"search_term_string\"}}],\"inLanguage\":\"es\"},{\"@type\":\"Organization\",\"@id\":\"https:\/\/nueva.imerchan.es\/#organization\",\"name\":\"Imerchan\",\"url\":\"https:\/\/nueva.imerchan.es\/\",\"logo\":{\"@type\":\"ImageObject\",\"inLanguage\":\"es\",\"@id\":\"https:\/\/nueva.imerchan.es\/#\/schema\/logo\/image\/\",\"url\":\"https:\/\/nueva.imerchan.es\/wp-content\/uploads\/2025\/01\/LOGO-IMERCHAN_BLANCO.png\",\"contentUrl\":\"https:\/\/nueva.imerchan.es\/wp-content\/uploads\/2025\/01\/LOGO-IMERCHAN_BLANCO.png\",\"width\":341,\"height\":138,\"caption\":\"Imerchan\"},\"image\":{\"@id\":\"https:\/\/nueva.imerchan.es\/#\/schema\/logo\/image\/\"}}]}<\/script>\n<!-- \/ Yoast SEO plugin. -->","yoast_head_json":{"title":"GALER\u00cdA TECNOLOG\u00cdA - Imerchan","robots":{"index":"index","follow":"follow","max-snippet":"max-snippet:-1","max-image-preview":"max-image-preview:large","max-video-preview":"max-video-preview:-1"},"canonical":"https:\/\/nueva.imerchan.es\/?page_id=1201","og_locale":"es_ES","og_type":"article","og_title":"GALER\u00cdA TECNOLOG\u00cdA - Imerchan","og_description":"PROGRESO Y VANGUARDIA QUE FACILITAN EL D\u00cdA A D\u00cdA","og_url":"https:\/\/nueva.imerchan.es\/?page_id=1201","og_site_name":"Imerchan","article_modified_time":"2025-07-01T09:22:26+00:00","twitter_card":"summary_large_image","twitter_misc":{"Tiempo de lectura":"1 minuto"},"schema":{"@context":"https:\/\/schema.org","@graph":[{"@type":"WebPage","@id":"https:\/\/nueva.imerchan.es\/?page_id=1201","url":"https:\/\/nueva.imerchan.es\/?page_id=1201","name":"GALER\u00cdA TECNOLOG\u00cdA - Imerchan","isPartOf":{"@id":"https:\/\/nueva.imerchan.es\/#website"},"datePublished":"2025-06-23T11:59:15+00:00","dateModified":"2025-07-01T09:22:26+00:00","breadcrumb":{"@id":"https:\/\/nueva.imerchan.es\/?page_id=1201#breadcrumb"},"inLanguage":"es","potentialAction":[{"@type":"ReadAction","target":["https:\/\/nueva.imerchan.es\/?page_id=1201"]}]},{"@type":"BreadcrumbList","@id":"https:\/\/nueva.imerchan.es\/?page_id=1201#breadcrumb","itemListElement":[{"@type":"ListItem","position":1,"name":"Portada","item":"https:\/\/nueva.imerchan.es\/"},{"@type":"ListItem","position":2,"name":"GALER\u00cdA TECNOLOG\u00cdA"}]},{"@type":"WebSite","@id":"https:\/\/nueva.imerchan.es\/#website","url":"https:\/\/nueva.imerchan.es\/","name":"Imerchan","description":"Regalos corporativos y merchandising","publisher":{"@id":"https:\/\/nueva.imerchan.es\/#organization"},"potentialAction":[{"@type":"SearchAction","target":{"@type":"EntryPoint","urlTemplate":"https:\/\/nueva.imerchan.es\/?s={search_term_string}"},"query-input":{"@type":"PropertyValueSpecification","valueRequired":true,"valueName":"search_term_string"}}],"inLanguage":"es"},{"@type":"Organization","@id":"https:\/\/nueva.imerchan.es\/#organization","name":"Imerchan","url":"https:\/\/nueva.imerchan.es\/","logo":{"@type":"ImageObject","inLanguage":"es","@id":"https:\/\/nueva.imerchan.es\/#\/schema\/logo\/image\/","url":"https:\/\/nueva.imerchan.es\/wp-content\/uploads\/2025\/01\/LOGO-IMERCHAN_BLANCO.png","contentUrl":"https:\/\/nueva.imerchan.es\/wp-content\/uploads\/2025\/01\/LOGO-IMERCHAN_BLANCO.png","width":341,"height":138,"caption":"Imerchan"},"image":{"@id":"https:\/\/nueva.imerchan.es\/#\/schema\/logo\/image\/"}}]}},"_links":{"self":[{"href":"https:\/\/nueva.imerchan.es\/index.php?rest_route=\/wp\/v2\/pages\/1201","targetHints":{"allow":["GET"]}}],"collection":[{"href":"https:\/\/nueva.imerchan.es\/index.php?rest_route=\/wp\/v2\/pages"}],"about":[{"href":"https:\/\/nueva.imerchan.es\/index.php?rest_route=\/wp\/v2\/types\/page"}],"author":[{"embeddable":true,"href":"https:\/\/nueva.imerchan.es\/index.php?rest_route=\/wp\/v2\/users\/1"}],"replies":[{"embeddable":true,"href":"https:\/\/nueva.imerchan.es\/index.php?rest_route=%2Fwp%2Fv2%2Fcomments&post=1201"}],"version-history":[{"count":17,"href":"https:\/\/nueva.imerchan.es\/index.php?rest_route=\/wp\/v2\/pages\/1201\/revisions"}],"predecessor-version":[{"id":1682,"href":"https:\/\/nueva.imerchan.es\/index.php?rest_route=\/wp\/v2\/pages\/1201\/revisions\/1682"}],"wp:attachment":[{"href":"https:\/\/nueva.imerchan.es\/index.php?rest_route=%2Fwp%2Fv2%2Fmedia&parent=1201"}],"curies":[{"name":"wp","href":"https:\/\/api.w.org\/{rel}","templated":true}]}}