{"id":1504,"date":"2025-06-24T13:00:02","date_gmt":"2025-06-24T13:00:02","guid":{"rendered":"https:\/\/nueva.imerchan.es\/?page_id=1504"},"modified":"2025-07-01T12:16:08","modified_gmt":"2025-07-01T12:16:08","slug":"catalogo-mko","status":"publish","type":"page","link":"https:\/\/nueva.imerchan.es\/?page_id=1504","title":{"rendered":"Cat\u00e1logo MKO"},"content":{"rendered":"\t\t<div data-elementor-type=\"wp-page\" data-elementor-id=\"1504\" class=\"elementor elementor-1504\" data-elementor-post-type=\"page\">\n\t\t\t\t<div class=\"elementor-element elementor-element-d91c008 e-flex e-con-boxed e-con e-parent\" data-id=\"d91c008\" data-element_type=\"container\">\n\t\t\t\t\t<div class=\"e-con-inner\">\n\t\t<div class=\"elementor-element elementor-element-9807006 e-con-full e-flex e-con e-child\" data-id=\"9807006\" data-element_type=\"container\">\n\t\t\t\t<div class=\"elementor-element elementor-element-17c632b elementor-widget elementor-widget-heading\" data-id=\"17c632b\" data-element_type=\"widget\" data-widget_type=\"heading.default\">\n\t\t\t\t<div class=\"elementor-widget-container\">\n\t\t\t\t\t<h2 class=\"elementor-heading-title elementor-size-default\">MKO<\/h2>\t\t\t\t<\/div>\n\t\t\t\t<\/div>\n\t\t\t\t<div class=\"elementor-element elementor-element-88cf47f elementor-widget elementor-widget-text-editor\" data-id=\"88cf47f\" data-element_type=\"widget\" data-widget_type=\"text-editor.default\">\n\t\t\t\t<div class=\"elementor-widget-container\">\n\t\t\t\t\t\t\t\t\t<p><strong>Opciones dise\u00f1adas para adaptarse a diferentes sectores, eventos y p\u00fablicos. Combinando a la perfecci\u00f3n calidad, comodidad y personalizaci\u00f3n.<\/strong><br \/><strong>Ropa de trabajo funcional que combina durabilidad y personalizaci\u00f3n. <\/strong><br \/><strong>Art\u00edculos sostenibles fabricados con algod\u00f3n org\u00e1nico, poli\u00e9ster reciclado y otros materiales responsables.<\/strong><br \/><strong>Sudaderas, chaquetas, camisetas o polos, para todas las estaciones, desde modelos cl\u00e1sicos hasta ropa deportiva y con una gran variedad de tejidos y colores.<\/strong><\/p>\t\t\t\t\t\t\t\t<\/div>\n\t\t\t\t<\/div>\n\t\t\t\t<\/div>\n\t\t<div class=\"elementor-element elementor-element-c0d4191 e-con-full e-flex e-con e-child\" data-id=\"c0d4191\" data-element_type=\"container\">\n\t\t\t\t<div class=\"elementor-element elementor-element-6cfb09a elementor-widget elementor-widget-image\" data-id=\"6cfb09a\" data-element_type=\"widget\" data-widget_type=\"image.default\">\n\t\t\t\t<div class=\"elementor-widget-container\">\n\t\t\t\t\t\t\t\t\t\t\t\t\t\t\t<img fetchpriority=\"high\" decoding=\"async\" width=\"500\" height=\"500\" src=\"https:\/\/nueva.imerchan.es\/wp-content\/uploads\/2025\/06\/PORTADA-SFONDO-MKO.jpg\" class=\"attachment-full size-full wp-image-1394\" alt=\"\" srcset=\"https:\/\/nueva.imerchan.es\/wp-content\/uploads\/2025\/06\/PORTADA-SFONDO-MKO-66x66.jpg 66w, https:\/\/nueva.imerchan.es\/wp-content\/uploads\/2025\/06\/PORTADA-SFONDO-MKO-150x150.jpg 150w, https:\/\/nueva.imerchan.es\/wp-content\/uploads\/2025\/06\/PORTADA-SFONDO-MKO-200x200.jpg 200w, https:\/\/nueva.imerchan.es\/wp-content\/uploads\/2025\/06\/PORTADA-SFONDO-MKO-300x300.jpg 300w, https:\/\/nueva.imerchan.es\/wp-content\/uploads\/2025\/06\/PORTADA-SFONDO-MKO-400x400.jpg 400w, https:\/\/nueva.imerchan.es\/wp-content\/uploads\/2025\/06\/PORTADA-SFONDO-MKO.jpg 500w\" sizes=\"(max-width: 500px) 100vw, 500px\" \/>\t\t\t\t\t\t\t\t\t\t\t\t\t\t\t<\/div>\n\t\t\t\t<\/div>\n\t\t<div class=\"elementor-element elementor-element-2220499 e-con-full e-flex e-con e-child\" data-id=\"2220499\" data-element_type=\"container\">\n\t\t\t\t<div class=\"elementor-element elementor-element-93a7aab elementor-widget elementor-widget-button\" data-id=\"93a7aab\" data-element_type=\"widget\" data-widget_type=\"button.default\">\n\t\t\t\t<div class=\"elementor-widget-container\">\n\t\t\t\t\t\t\t\t\t<div class=\"elementor-button-wrapper\">\n\t\t\t\t\t<a class=\"elementor-button elementor-button-link elementor-size-sm\" href=\"https:\/\/imerchan.es\/MKT%20TEXTIL%20Imerchan%2025.pdf\">\n\t\t\t\t\t\t<span class=\"elementor-button-content-wrapper\">\n\t\t\t\t\t\t\t\t\t<span class=\"elementor-button-text\">DESCARGAR CAT\u00c1LOGO<\/span>\n\t\t\t\t\t<\/span>\n\t\t\t\t\t<\/a>\n\t\t\t\t<\/div>\n\t\t\t\t\t\t\t\t<\/div>\n\t\t\t\t<\/div>\n\t\t\t\t<\/div>\n\t\t\t\t<\/div>\n\t\t\t\t\t<\/div>\n\t\t\t\t<\/div>\n\t\t<div class=\"elementor-element elementor-element-c4564d9 e-flex e-con-boxed e-con e-parent\" data-id=\"c4564d9\" data-element_type=\"container\">\n\t\t\t\t\t<div class=\"e-con-inner\">\n\t\t\t\t<div class=\"elementor-element elementor-element-d7857c5 elementor-widget-divider--view-line elementor-widget elementor-widget-divider\" data-id=\"d7857c5\" data-element_type=\"widget\" data-widget_type=\"divider.default\">\n\t\t\t\t<div class=\"elementor-widget-container\">\n\t\t\t\t\t\t\t<div class=\"elementor-divider\">\n\t\t\t<span class=\"elementor-divider-separator\">\n\t\t\t\t\t\t<\/span>\n\t\t<\/div>\n\t\t\t\t\t\t<\/div>\n\t\t\t\t<\/div>\n\t\t\t\t<div class=\"elementor-element elementor-element-ed52eed elementor-button-info elementor-align-center elementor-widget elementor-widget-button\" data-id=\"ed52eed\" data-element_type=\"widget\" data-widget_type=\"button.default\">\n\t\t\t\t<div class=\"elementor-widget-container\">\n\t\t\t\t\t\t\t\t\t<div class=\"elementor-button-wrapper\">\n\t\t\t\t\t<a class=\"elementor-button elementor-button-link elementor-size-sm\" href=\"https:\/\/nueva.imerchan.es\/?page_id=572\">\n\t\t\t\t\t\t<span class=\"elementor-button-content-wrapper\">\n\t\t\t\t\t\t\t\t\t<span class=\"elementor-button-text\">SOLICITA PRESUPUESTO<\/span>\n\t\t\t\t\t<\/span>\n\t\t\t\t\t<\/a>\n\t\t\t\t<\/div>\n\t\t\t\t\t\t\t\t<\/div>\n\t\t\t\t<\/div>\n\t\t\t\t\t<\/div>\n\t\t\t\t<\/div>\n\t\t<div class=\"elementor-element elementor-element-b303f72 e-flex e-con-boxed e-con e-parent\" data-id=\"b303f72\" data-element_type=\"container\">\n\t\t\t\t\t<div class=\"e-con-inner\">\n\t\t\t\t\t<\/div>\n\t\t\t\t<\/div>\n\t\t\t\t<\/div>\n\t\t","protected":false},"excerpt":{"rendered":"<p>MKO Opciones dise\u00f1adas para adaptarse a diferentes sectores, eventos y  [&#8230;]<\/p>\n","protected":false},"author":1,"featured_media":0,"parent":0,"menu_order":0,"comment_status":"closed","ping_status":"closed","template":"","meta":{"footnotes":""},"class_list":["post-1504","page","type-page","status-publish","hentry"],"yoast_head":"<!-- This site is optimized with the Yoast SEO plugin v24.9 - https:\/\/yoast.com\/wordpress\/plugins\/seo\/ -->\n<title>Cat\u00e1logo MKO - Imerchan<\/title>\n<meta name=\"robots\" content=\"index, follow, max-snippet:-1, max-image-preview:large, max-video-preview:-1\" \/>\n<link rel=\"canonical\" href=\"https:\/\/nueva.imerchan.es\/?page_id=1504\" \/>\n<meta property=\"og:locale\" content=\"es_ES\" \/>\n<meta property=\"og:type\" content=\"article\" \/>\n<meta property=\"og:title\" content=\"Cat\u00e1logo MKO - Imerchan\" \/>\n<meta property=\"og:description\" content=\"MKO Opciones dise\u00f1adas para adaptarse a diferentes sectores, eventos y [...]\" \/>\n<meta property=\"og:url\" content=\"https:\/\/nueva.imerchan.es\/?page_id=1504\" \/>\n<meta property=\"og:site_name\" content=\"Imerchan\" \/>\n<meta property=\"article:modified_time\" content=\"2025-07-01T12:16:08+00:00\" \/>\n<meta property=\"og:image\" content=\"https:\/\/nueva.imerchan.es\/wp-content\/uploads\/2025\/06\/PORTADA-SFONDO-MKO.jpg\" \/>\n\t<meta property=\"og:image:width\" content=\"500\" \/>\n\t<meta property=\"og:image:height\" content=\"500\" \/>\n\t<meta property=\"og:image:type\" content=\"image\/jpeg\" \/>\n<meta name=\"twitter:card\" content=\"summary_large_image\" \/>\n<meta name=\"twitter:label1\" content=\"Tiempo de lectura\" \/>\n\t<meta name=\"twitter:data1\" content=\"1 minuto\" \/>\n<script type=\"application\/ld+json\" class=\"yoast-schema-graph\">{\"@context\":\"https:\/\/schema.org\",\"@graph\":[{\"@type\":\"WebPage\",\"@id\":\"https:\/\/nueva.imerchan.es\/?page_id=1504\",\"url\":\"https:\/\/nueva.imerchan.es\/?page_id=1504\",\"name\":\"Cat\u00e1logo MKO - Imerchan\",\"isPartOf\":{\"@id\":\"https:\/\/nueva.imerchan.es\/#website\"},\"primaryImageOfPage\":{\"@id\":\"https:\/\/nueva.imerchan.es\/?page_id=1504#primaryimage\"},\"image\":{\"@id\":\"https:\/\/nueva.imerchan.es\/?page_id=1504#primaryimage\"},\"thumbnailUrl\":\"https:\/\/nueva.imerchan.es\/wp-content\/uploads\/2025\/06\/PORTADA-SFONDO-MKO.jpg\",\"datePublished\":\"2025-06-24T13:00:02+00:00\",\"dateModified\":\"2025-07-01T12:16:08+00:00\",\"breadcrumb\":{\"@id\":\"https:\/\/nueva.imerchan.es\/?page_id=1504#breadcrumb\"},\"inLanguage\":\"es\",\"potentialAction\":[{\"@type\":\"ReadAction\",\"target\":[\"https:\/\/nueva.imerchan.es\/?page_id=1504\"]}]},{\"@type\":\"ImageObject\",\"inLanguage\":\"es\",\"@id\":\"https:\/\/nueva.imerchan.es\/?page_id=1504#primaryimage\",\"url\":\"https:\/\/nueva.imerchan.es\/wp-content\/uploads\/2025\/06\/PORTADA-SFONDO-MKO.jpg\",\"contentUrl\":\"https:\/\/nueva.imerchan.es\/wp-content\/uploads\/2025\/06\/PORTADA-SFONDO-MKO.jpg\",\"width\":500,\"height\":500},{\"@type\":\"BreadcrumbList\",\"@id\":\"https:\/\/nueva.imerchan.es\/?page_id=1504#breadcrumb\",\"itemListElement\":[{\"@type\":\"ListItem\",\"position\":1,\"name\":\"Portada\",\"item\":\"https:\/\/nueva.imerchan.es\/\"},{\"@type\":\"ListItem\",\"position\":2,\"name\":\"Cat\u00e1logo MKO\"}]},{\"@type\":\"WebSite\",\"@id\":\"https:\/\/nueva.imerchan.es\/#website\",\"url\":\"https:\/\/nueva.imerchan.es\/\",\"name\":\"Imerchan\",\"description\":\"Regalos corporativos y merchandising\",\"publisher\":{\"@id\":\"https:\/\/nueva.imerchan.es\/#organization\"},\"potentialAction\":[{\"@type\":\"SearchAction\",\"target\":{\"@type\":\"EntryPoint\",\"urlTemplate\":\"https:\/\/nueva.imerchan.es\/?s={search_term_string}\"},\"query-input\":{\"@type\":\"PropertyValueSpecification\",\"valueRequired\":true,\"valueName\":\"search_term_string\"}}],\"inLanguage\":\"es\"},{\"@type\":\"Organization\",\"@id\":\"https:\/\/nueva.imerchan.es\/#organization\",\"name\":\"Imerchan\",\"url\":\"https:\/\/nueva.imerchan.es\/\",\"logo\":{\"@type\":\"ImageObject\",\"inLanguage\":\"es\",\"@id\":\"https:\/\/nueva.imerchan.es\/#\/schema\/logo\/image\/\",\"url\":\"https:\/\/nueva.imerchan.es\/wp-content\/uploads\/2025\/01\/LOGO-IMERCHAN_BLANCO.png\",\"contentUrl\":\"https:\/\/nueva.imerchan.es\/wp-content\/uploads\/2025\/01\/LOGO-IMERCHAN_BLANCO.png\",\"width\":341,\"height\":138,\"caption\":\"Imerchan\"},\"image\":{\"@id\":\"https:\/\/nueva.imerchan.es\/#\/schema\/logo\/image\/\"}}]}<\/script>\n<!-- \/ Yoast SEO plugin. -->","yoast_head_json":{"title":"Cat\u00e1logo MKO - Imerchan","robots":{"index":"index","follow":"follow","max-snippet":"max-snippet:-1","max-image-preview":"max-image-preview:large","max-video-preview":"max-video-preview:-1"},"canonical":"https:\/\/nueva.imerchan.es\/?page_id=1504","og_locale":"es_ES","og_type":"article","og_title":"Cat\u00e1logo MKO - Imerchan","og_description":"MKO Opciones dise\u00f1adas para adaptarse a diferentes sectores, eventos y [...]","og_url":"https:\/\/nueva.imerchan.es\/?page_id=1504","og_site_name":"Imerchan","article_modified_time":"2025-07-01T12:16:08+00:00","og_image":[{"width":500,"height":500,"url":"https:\/\/nueva.imerchan.es\/wp-content\/uploads\/2025\/06\/PORTADA-SFONDO-MKO.jpg","type":"image\/jpeg"}],"twitter_card":"summary_large_image","twitter_misc":{"Tiempo de lectura":"1 minuto"},"schema":{"@context":"https:\/\/schema.org","@graph":[{"@type":"WebPage","@id":"https:\/\/nueva.imerchan.es\/?page_id=1504","url":"https:\/\/nueva.imerchan.es\/?page_id=1504","name":"Cat\u00e1logo MKO - Imerchan","isPartOf":{"@id":"https:\/\/nueva.imerchan.es\/#website"},"primaryImageOfPage":{"@id":"https:\/\/nueva.imerchan.es\/?page_id=1504#primaryimage"},"image":{"@id":"https:\/\/nueva.imerchan.es\/?page_id=1504#primaryimage"},"thumbnailUrl":"https:\/\/nueva.imerchan.es\/wp-content\/uploads\/2025\/06\/PORTADA-SFONDO-MKO.jpg","datePublished":"2025-06-24T13:00:02+00:00","dateModified":"2025-07-01T12:16:08+00:00","breadcrumb":{"@id":"https:\/\/nueva.imerchan.es\/?page_id=1504#breadcrumb"},"inLanguage":"es","potentialAction":[{"@type":"ReadAction","target":["https:\/\/nueva.imerchan.es\/?page_id=1504"]}]},{"@type":"ImageObject","inLanguage":"es","@id":"https:\/\/nueva.imerchan.es\/?page_id=1504#primaryimage","url":"https:\/\/nueva.imerchan.es\/wp-content\/uploads\/2025\/06\/PORTADA-SFONDO-MKO.jpg","contentUrl":"https:\/\/nueva.imerchan.es\/wp-content\/uploads\/2025\/06\/PORTADA-SFONDO-MKO.jpg","width":500,"height":500},{"@type":"BreadcrumbList","@id":"https:\/\/nueva.imerchan.es\/?page_id=1504#breadcrumb","itemListElement":[{"@type":"ListItem","position":1,"name":"Portada","item":"https:\/\/nueva.imerchan.es\/"},{"@type":"ListItem","position":2,"name":"Cat\u00e1logo MKO"}]},{"@type":"WebSite","@id":"https:\/\/nueva.imerchan.es\/#website","url":"https:\/\/nueva.imerchan.es\/","name":"Imerchan","description":"Regalos corporativos y merchandising","publisher":{"@id":"https:\/\/nueva.imerchan.es\/#organization"},"potentialAction":[{"@type":"SearchAction","target":{"@type":"EntryPoint","urlTemplate":"https:\/\/nueva.imerchan.es\/?s={search_term_string}"},"query-input":{"@type":"PropertyValueSpecification","valueRequired":true,"valueName":"search_term_string"}}],"inLanguage":"es"},{"@type":"Organization","@id":"https:\/\/nueva.imerchan.es\/#organization","name":"Imerchan","url":"https:\/\/nueva.imerchan.es\/","logo":{"@type":"ImageObject","inLanguage":"es","@id":"https:\/\/nueva.imerchan.es\/#\/schema\/logo\/image\/","url":"https:\/\/nueva.imerchan.es\/wp-content\/uploads\/2025\/01\/LOGO-IMERCHAN_BLANCO.png","contentUrl":"https:\/\/nueva.imerchan.es\/wp-content\/uploads\/2025\/01\/LOGO-IMERCHAN_BLANCO.png","width":341,"height":138,"caption":"Imerchan"},"image":{"@id":"https:\/\/nueva.imerchan.es\/#\/schema\/logo\/image\/"}}]}},"_links":{"self":[{"href":"https:\/\/nueva.imerchan.es\/index.php?rest_route=\/wp\/v2\/pages\/1504","targetHints":{"allow":["GET"]}}],"collection":[{"href":"https:\/\/nueva.imerchan.es\/index.php?rest_route=\/wp\/v2\/pages"}],"about":[{"href":"https:\/\/nueva.imerchan.es\/index.php?rest_route=\/wp\/v2\/types\/page"}],"author":[{"embeddable":true,"href":"https:\/\/nueva.imerchan.es\/index.php?rest_route=\/wp\/v2\/users\/1"}],"replies":[{"embeddable":true,"href":"https:\/\/nueva.imerchan.es\/index.php?rest_route=%2Fwp%2Fv2%2Fcomments&post=1504"}],"version-history":[{"count":7,"href":"https:\/\/nueva.imerchan.es\/index.php?rest_route=\/wp\/v2\/pages\/1504\/revisions"}],"predecessor-version":[{"id":1784,"href":"https:\/\/nueva.imerchan.es\/index.php?rest_route=\/wp\/v2\/pages\/1504\/revisions\/1784"}],"wp:attachment":[{"href":"https:\/\/nueva.imerchan.es\/index.php?rest_route=%2Fwp%2Fv2%2Fmedia&parent=1504"}],"curies":[{"name":"wp","href":"https:\/\/api.w.org\/{rel}","templated":true}]}}