{"id":1519,"date":"2025-06-24T13:05:11","date_gmt":"2025-06-24T13:05:11","guid":{"rendered":"https:\/\/nueva.imerchan.es\/?page_id=1519"},"modified":"2025-07-01T12:24:17","modified_gmt":"2025-07-01T12:24:17","slug":"catalogo-valento","status":"publish","type":"page","link":"https:\/\/nueva.imerchan.es\/?page_id=1519","title":{"rendered":"Cat\u00e1logo VALENTO"},"content":{"rendered":"\t\t<div data-elementor-type=\"wp-page\" data-elementor-id=\"1519\" class=\"elementor elementor-1519\" data-elementor-post-type=\"page\">\n\t\t\t\t<div class=\"elementor-element elementor-element-d91c008 e-flex e-con-boxed e-con e-parent\" data-id=\"d91c008\" data-element_type=\"container\">\n\t\t\t\t\t<div class=\"e-con-inner\">\n\t\t<div class=\"elementor-element elementor-element-9807006 e-con-full e-flex e-con e-child\" data-id=\"9807006\" data-element_type=\"container\">\n\t\t\t\t<div class=\"elementor-element elementor-element-17c632b elementor-widget elementor-widget-heading\" data-id=\"17c632b\" data-element_type=\"widget\" data-widget_type=\"heading.default\">\n\t\t\t\t<div class=\"elementor-widget-container\">\n\t\t\t\t\t<h2 class=\"elementor-heading-title elementor-size-default\">VAL<\/h2>\t\t\t\t<\/div>\n\t\t\t\t<\/div>\n\t\t\t\t<div class=\"elementor-element elementor-element-88cf47f elementor-widget elementor-widget-text-editor\" data-id=\"88cf47f\" data-element_type=\"widget\" data-widget_type=\"text-editor.default\">\n\t\t\t\t<div class=\"elementor-widget-container\">\n\t\t\t\t\t\t\t\t\t<p><strong>Nuestro textil laboral personalizado est\u00e1 dise\u00f1ado para satisfacer las exigencias de empresas que buscan destacar y ofrecer comodidad, seguridad y durabilidad a su equipo de trabajo.<\/strong><\/p><p><strong>En este cat\u00e1logo encontrar\u00e1s prendas para cualquier sector profesional, realizadas con tejidos t\u00e9cnicos de \u00faltima generaci\u00f3n que garantizan resistencia al desgaste, transpirabilidad y f\u00e1cil mantenimiento.<\/strong><\/p>\t\t\t\t\t\t\t\t<\/div>\n\t\t\t\t<\/div>\n\t\t\t\t<\/div>\n\t\t<div class=\"elementor-element elementor-element-c0d4191 e-con-full e-flex e-con e-child\" data-id=\"c0d4191\" data-element_type=\"container\">\n\t\t\t\t<div class=\"elementor-element elementor-element-6cfb09a elementor-widget elementor-widget-image\" data-id=\"6cfb09a\" data-element_type=\"widget\" data-widget_type=\"image.default\">\n\t\t\t\t<div class=\"elementor-widget-container\">\n\t\t\t\t\t\t\t\t\t\t\t\t\t\t\t<img fetchpriority=\"high\" decoding=\"async\" width=\"500\" height=\"500\" src=\"https:\/\/nueva.imerchan.es\/wp-content\/uploads\/2025\/06\/PORTADA-SFONDO-VALENTO.jpg\" class=\"attachment-full size-full wp-image-1402\" alt=\"\" srcset=\"https:\/\/nueva.imerchan.es\/wp-content\/uploads\/2025\/06\/PORTADA-SFONDO-VALENTO-66x66.jpg 66w, https:\/\/nueva.imerchan.es\/wp-content\/uploads\/2025\/06\/PORTADA-SFONDO-VALENTO-150x150.jpg 150w, https:\/\/nueva.imerchan.es\/wp-content\/uploads\/2025\/06\/PORTADA-SFONDO-VALENTO-200x200.jpg 200w, https:\/\/nueva.imerchan.es\/wp-content\/uploads\/2025\/06\/PORTADA-SFONDO-VALENTO-300x300.jpg 300w, https:\/\/nueva.imerchan.es\/wp-content\/uploads\/2025\/06\/PORTADA-SFONDO-VALENTO-400x400.jpg 400w, https:\/\/nueva.imerchan.es\/wp-content\/uploads\/2025\/06\/PORTADA-SFONDO-VALENTO.jpg 500w\" sizes=\"(max-width: 500px) 100vw, 500px\" \/>\t\t\t\t\t\t\t\t\t\t\t\t\t\t\t<\/div>\n\t\t\t\t<\/div>\n\t\t<div class=\"elementor-element elementor-element-2220499 e-con-full e-flex e-con e-child\" data-id=\"2220499\" data-element_type=\"container\">\n\t\t\t\t<div class=\"elementor-element elementor-element-93a7aab elementor-widget elementor-widget-button\" data-id=\"93a7aab\" data-element_type=\"widget\" data-widget_type=\"button.default\">\n\t\t\t\t<div class=\"elementor-widget-container\">\n\t\t\t\t\t\t\t\t\t<div class=\"elementor-button-wrapper\">\n\t\t\t\t\t<a class=\"elementor-button elementor-button-link elementor-size-sm\" href=\"https:\/\/imerchan.es\/wp-content\/uploads\/2025\/02\/VAL-Imerchan-25.pdf\">\n\t\t\t\t\t\t<span class=\"elementor-button-content-wrapper\">\n\t\t\t\t\t\t\t\t\t<span class=\"elementor-button-text\">DESCARGAR CAT\u00c1LOGO<\/span>\n\t\t\t\t\t<\/span>\n\t\t\t\t\t<\/a>\n\t\t\t\t<\/div>\n\t\t\t\t\t\t\t\t<\/div>\n\t\t\t\t<\/div>\n\t\t\t\t<\/div>\n\t\t\t\t<\/div>\n\t\t\t\t\t<\/div>\n\t\t\t\t<\/div>\n\t\t<div class=\"elementor-element elementor-element-c4564d9 e-flex e-con-boxed e-con e-parent\" data-id=\"c4564d9\" data-element_type=\"container\">\n\t\t\t\t\t<div class=\"e-con-inner\">\n\t\t\t\t<div class=\"elementor-element elementor-element-d7857c5 elementor-widget-divider--view-line elementor-widget elementor-widget-divider\" data-id=\"d7857c5\" data-element_type=\"widget\" data-widget_type=\"divider.default\">\n\t\t\t\t<div class=\"elementor-widget-container\">\n\t\t\t\t\t\t\t<div class=\"elementor-divider\">\n\t\t\t<span class=\"elementor-divider-separator\">\n\t\t\t\t\t\t<\/span>\n\t\t<\/div>\n\t\t\t\t\t\t<\/div>\n\t\t\t\t<\/div>\n\t\t\t\t<div class=\"elementor-element elementor-element-ed52eed elementor-button-info elementor-align-center elementor-widget elementor-widget-button\" data-id=\"ed52eed\" data-element_type=\"widget\" data-widget_type=\"button.default\">\n\t\t\t\t<div class=\"elementor-widget-container\">\n\t\t\t\t\t\t\t\t\t<div class=\"elementor-button-wrapper\">\n\t\t\t\t\t<a class=\"elementor-button elementor-button-link elementor-size-sm\" href=\"https:\/\/nueva.imerchan.es\/?page_id=572\">\n\t\t\t\t\t\t<span class=\"elementor-button-content-wrapper\">\n\t\t\t\t\t\t\t\t\t<span class=\"elementor-button-text\">SOLICITA PRESUPUESTO<\/span>\n\t\t\t\t\t<\/span>\n\t\t\t\t\t<\/a>\n\t\t\t\t<\/div>\n\t\t\t\t\t\t\t\t<\/div>\n\t\t\t\t<\/div>\n\t\t\t\t\t<\/div>\n\t\t\t\t<\/div>\n\t\t<div class=\"elementor-element elementor-element-b303f72 e-flex e-con-boxed e-con e-parent\" data-id=\"b303f72\" data-element_type=\"container\">\n\t\t\t\t\t<div class=\"e-con-inner\">\n\t\t\t\t\t<\/div>\n\t\t\t\t<\/div>\n\t\t\t\t<\/div>\n\t\t","protected":false},"excerpt":{"rendered":"<p>VAL Nuestro textil laboral personalizado est\u00e1 dise\u00f1ado para satisfacer las  [&#8230;]<\/p>\n","protected":false},"author":1,"featured_media":0,"parent":0,"menu_order":0,"comment_status":"closed","ping_status":"closed","template":"","meta":{"footnotes":""},"class_list":["post-1519","page","type-page","status-publish","hentry"],"yoast_head":"<!-- This site is optimized with the Yoast SEO plugin v24.9 - https:\/\/yoast.com\/wordpress\/plugins\/seo\/ -->\n<title>Cat\u00e1logo VALENTO - Imerchan<\/title>\n<meta name=\"robots\" content=\"index, follow, max-snippet:-1, max-image-preview:large, max-video-preview:-1\" \/>\n<link rel=\"canonical\" href=\"https:\/\/nueva.imerchan.es\/?page_id=1519\" \/>\n<meta property=\"og:locale\" content=\"es_ES\" \/>\n<meta property=\"og:type\" content=\"article\" \/>\n<meta property=\"og:title\" content=\"Cat\u00e1logo VALENTO - Imerchan\" \/>\n<meta property=\"og:description\" content=\"VAL Nuestro textil laboral personalizado est\u00e1 dise\u00f1ado para satisfacer las [...]\" \/>\n<meta property=\"og:url\" content=\"https:\/\/nueva.imerchan.es\/?page_id=1519\" \/>\n<meta property=\"og:site_name\" content=\"Imerchan\" \/>\n<meta property=\"article:modified_time\" content=\"2025-07-01T12:24:17+00:00\" \/>\n<meta property=\"og:image\" content=\"https:\/\/nueva.imerchan.es\/wp-content\/uploads\/2025\/06\/PORTADA-SFONDO-VALENTO.jpg\" \/>\n\t<meta property=\"og:image:width\" content=\"500\" \/>\n\t<meta property=\"og:image:height\" content=\"500\" \/>\n\t<meta property=\"og:image:type\" content=\"image\/jpeg\" \/>\n<meta name=\"twitter:card\" content=\"summary_large_image\" \/>\n<meta name=\"twitter:label1\" content=\"Tiempo de lectura\" \/>\n\t<meta name=\"twitter:data1\" content=\"1 minuto\" \/>\n<script type=\"application\/ld+json\" class=\"yoast-schema-graph\">{\"@context\":\"https:\/\/schema.org\",\"@graph\":[{\"@type\":\"WebPage\",\"@id\":\"https:\/\/nueva.imerchan.es\/?page_id=1519\",\"url\":\"https:\/\/nueva.imerchan.es\/?page_id=1519\",\"name\":\"Cat\u00e1logo VALENTO - Imerchan\",\"isPartOf\":{\"@id\":\"https:\/\/nueva.imerchan.es\/#website\"},\"primaryImageOfPage\":{\"@id\":\"https:\/\/nueva.imerchan.es\/?page_id=1519#primaryimage\"},\"image\":{\"@id\":\"https:\/\/nueva.imerchan.es\/?page_id=1519#primaryimage\"},\"thumbnailUrl\":\"https:\/\/nueva.imerchan.es\/wp-content\/uploads\/2025\/06\/PORTADA-SFONDO-VALENTO.jpg\",\"datePublished\":\"2025-06-24T13:05:11+00:00\",\"dateModified\":\"2025-07-01T12:24:17+00:00\",\"breadcrumb\":{\"@id\":\"https:\/\/nueva.imerchan.es\/?page_id=1519#breadcrumb\"},\"inLanguage\":\"es\",\"potentialAction\":[{\"@type\":\"ReadAction\",\"target\":[\"https:\/\/nueva.imerchan.es\/?page_id=1519\"]}]},{\"@type\":\"ImageObject\",\"inLanguage\":\"es\",\"@id\":\"https:\/\/nueva.imerchan.es\/?page_id=1519#primaryimage\",\"url\":\"https:\/\/nueva.imerchan.es\/wp-content\/uploads\/2025\/06\/PORTADA-SFONDO-VALENTO.jpg\",\"contentUrl\":\"https:\/\/nueva.imerchan.es\/wp-content\/uploads\/2025\/06\/PORTADA-SFONDO-VALENTO.jpg\",\"width\":500,\"height\":500},{\"@type\":\"BreadcrumbList\",\"@id\":\"https:\/\/nueva.imerchan.es\/?page_id=1519#breadcrumb\",\"itemListElement\":[{\"@type\":\"ListItem\",\"position\":1,\"name\":\"Portada\",\"item\":\"https:\/\/nueva.imerchan.es\/\"},{\"@type\":\"ListItem\",\"position\":2,\"name\":\"Cat\u00e1logo VALENTO\"}]},{\"@type\":\"WebSite\",\"@id\":\"https:\/\/nueva.imerchan.es\/#website\",\"url\":\"https:\/\/nueva.imerchan.es\/\",\"name\":\"Imerchan\",\"description\":\"Regalos corporativos y merchandising\",\"publisher\":{\"@id\":\"https:\/\/nueva.imerchan.es\/#organization\"},\"potentialAction\":[{\"@type\":\"SearchAction\",\"target\":{\"@type\":\"EntryPoint\",\"urlTemplate\":\"https:\/\/nueva.imerchan.es\/?s={search_term_string}\"},\"query-input\":{\"@type\":\"PropertyValueSpecification\",\"valueRequired\":true,\"valueName\":\"search_term_string\"}}],\"inLanguage\":\"es\"},{\"@type\":\"Organization\",\"@id\":\"https:\/\/nueva.imerchan.es\/#organization\",\"name\":\"Imerchan\",\"url\":\"https:\/\/nueva.imerchan.es\/\",\"logo\":{\"@type\":\"ImageObject\",\"inLanguage\":\"es\",\"@id\":\"https:\/\/nueva.imerchan.es\/#\/schema\/logo\/image\/\",\"url\":\"https:\/\/nueva.imerchan.es\/wp-content\/uploads\/2025\/01\/LOGO-IMERCHAN_BLANCO.png\",\"contentUrl\":\"https:\/\/nueva.imerchan.es\/wp-content\/uploads\/2025\/01\/LOGO-IMERCHAN_BLANCO.png\",\"width\":341,\"height\":138,\"caption\":\"Imerchan\"},\"image\":{\"@id\":\"https:\/\/nueva.imerchan.es\/#\/schema\/logo\/image\/\"}}]}<\/script>\n<!-- \/ Yoast SEO plugin. -->","yoast_head_json":{"title":"Cat\u00e1logo VALENTO - Imerchan","robots":{"index":"index","follow":"follow","max-snippet":"max-snippet:-1","max-image-preview":"max-image-preview:large","max-video-preview":"max-video-preview:-1"},"canonical":"https:\/\/nueva.imerchan.es\/?page_id=1519","og_locale":"es_ES","og_type":"article","og_title":"Cat\u00e1logo VALENTO - Imerchan","og_description":"VAL Nuestro textil laboral personalizado est\u00e1 dise\u00f1ado para satisfacer las [...]","og_url":"https:\/\/nueva.imerchan.es\/?page_id=1519","og_site_name":"Imerchan","article_modified_time":"2025-07-01T12:24:17+00:00","og_image":[{"width":500,"height":500,"url":"https:\/\/nueva.imerchan.es\/wp-content\/uploads\/2025\/06\/PORTADA-SFONDO-VALENTO.jpg","type":"image\/jpeg"}],"twitter_card":"summary_large_image","twitter_misc":{"Tiempo de lectura":"1 minuto"},"schema":{"@context":"https:\/\/schema.org","@graph":[{"@type":"WebPage","@id":"https:\/\/nueva.imerchan.es\/?page_id=1519","url":"https:\/\/nueva.imerchan.es\/?page_id=1519","name":"Cat\u00e1logo VALENTO - Imerchan","isPartOf":{"@id":"https:\/\/nueva.imerchan.es\/#website"},"primaryImageOfPage":{"@id":"https:\/\/nueva.imerchan.es\/?page_id=1519#primaryimage"},"image":{"@id":"https:\/\/nueva.imerchan.es\/?page_id=1519#primaryimage"},"thumbnailUrl":"https:\/\/nueva.imerchan.es\/wp-content\/uploads\/2025\/06\/PORTADA-SFONDO-VALENTO.jpg","datePublished":"2025-06-24T13:05:11+00:00","dateModified":"2025-07-01T12:24:17+00:00","breadcrumb":{"@id":"https:\/\/nueva.imerchan.es\/?page_id=1519#breadcrumb"},"inLanguage":"es","potentialAction":[{"@type":"ReadAction","target":["https:\/\/nueva.imerchan.es\/?page_id=1519"]}]},{"@type":"ImageObject","inLanguage":"es","@id":"https:\/\/nueva.imerchan.es\/?page_id=1519#primaryimage","url":"https:\/\/nueva.imerchan.es\/wp-content\/uploads\/2025\/06\/PORTADA-SFONDO-VALENTO.jpg","contentUrl":"https:\/\/nueva.imerchan.es\/wp-content\/uploads\/2025\/06\/PORTADA-SFONDO-VALENTO.jpg","width":500,"height":500},{"@type":"BreadcrumbList","@id":"https:\/\/nueva.imerchan.es\/?page_id=1519#breadcrumb","itemListElement":[{"@type":"ListItem","position":1,"name":"Portada","item":"https:\/\/nueva.imerchan.es\/"},{"@type":"ListItem","position":2,"name":"Cat\u00e1logo VALENTO"}]},{"@type":"WebSite","@id":"https:\/\/nueva.imerchan.es\/#website","url":"https:\/\/nueva.imerchan.es\/","name":"Imerchan","description":"Regalos corporativos y merchandising","publisher":{"@id":"https:\/\/nueva.imerchan.es\/#organization"},"potentialAction":[{"@type":"SearchAction","target":{"@type":"EntryPoint","urlTemplate":"https:\/\/nueva.imerchan.es\/?s={search_term_string}"},"query-input":{"@type":"PropertyValueSpecification","valueRequired":true,"valueName":"search_term_string"}}],"inLanguage":"es"},{"@type":"Organization","@id":"https:\/\/nueva.imerchan.es\/#organization","name":"Imerchan","url":"https:\/\/nueva.imerchan.es\/","logo":{"@type":"ImageObject","inLanguage":"es","@id":"https:\/\/nueva.imerchan.es\/#\/schema\/logo\/image\/","url":"https:\/\/nueva.imerchan.es\/wp-content\/uploads\/2025\/01\/LOGO-IMERCHAN_BLANCO.png","contentUrl":"https:\/\/nueva.imerchan.es\/wp-content\/uploads\/2025\/01\/LOGO-IMERCHAN_BLANCO.png","width":341,"height":138,"caption":"Imerchan"},"image":{"@id":"https:\/\/nueva.imerchan.es\/#\/schema\/logo\/image\/"}}]}},"_links":{"self":[{"href":"https:\/\/nueva.imerchan.es\/index.php?rest_route=\/wp\/v2\/pages\/1519","targetHints":{"allow":["GET"]}}],"collection":[{"href":"https:\/\/nueva.imerchan.es\/index.php?rest_route=\/wp\/v2\/pages"}],"about":[{"href":"https:\/\/nueva.imerchan.es\/index.php?rest_route=\/wp\/v2\/types\/page"}],"author":[{"embeddable":true,"href":"https:\/\/nueva.imerchan.es\/index.php?rest_route=\/wp\/v2\/users\/1"}],"replies":[{"embeddable":true,"href":"https:\/\/nueva.imerchan.es\/index.php?rest_route=%2Fwp%2Fv2%2Fcomments&post=1519"}],"version-history":[{"count":10,"href":"https:\/\/nueva.imerchan.es\/index.php?rest_route=\/wp\/v2\/pages\/1519\/revisions"}],"predecessor-version":[{"id":1820,"href":"https:\/\/nueva.imerchan.es\/index.php?rest_route=\/wp\/v2\/pages\/1519\/revisions\/1820"}],"wp:attachment":[{"href":"https:\/\/nueva.imerchan.es\/index.php?rest_route=%2Fwp%2Fv2%2Fmedia&parent=1519"}],"curies":[{"name":"wp","href":"https:\/\/api.w.org\/{rel}","templated":true}]}}